{"id":390,"date":"2024-09-03T16:40:13","date_gmt":"2024-09-03T21:40:13","guid":{"rendered":"https:\/\/www.hidroturbinas.com\/?page_id=390"},"modified":"2025-02-24T17:01:13","modified_gmt":"2025-02-24T22:01:13","slug":"lineas-de-negocio","status":"publish","type":"page","link":"https:\/\/www.hidroturbinas.com\/?page_id=390","title":{"rendered":"Servicios"},"content":{"rendered":"\t\t<div data-elementor-type=\"wp-page\" data-elementor-id=\"390\" class=\"elementor elementor-390\">\n\t\t\t\t<div class=\"elementor-element elementor-element-cfaa390 e-flex e-con-boxed elementor-invisible e-con e-parent\" data-id=\"cfaa390\" data-element_type=\"container\" data-e-type=\"container\" data-settings=\"{&quot;animation&quot;:&quot;bounceInLeft&quot;}\">\n\t\t\t\t\t<div class=\"e-con-inner\">\n\t\t\t\t<div class=\"elementor-element elementor-element-4bd3c26 elementor-widget elementor-widget-heading\" data-id=\"4bd3c26\" data-element_type=\"widget\" data-e-type=\"widget\" data-widget_type=\"heading.default\">\n\t\t\t\t<div class=\"elementor-widget-container\">\n\t\t\t\t\t<h2 class=\"elementor-heading-title elementor-size-default\">L\u00edneas de Negocio<\/h2>\t\t\t\t<\/div>\n\t\t\t\t<\/div>\n\t\t\t\t\t<\/div>\n\t\t\t\t<\/div>\n\t\t<div class=\"elementor-element elementor-element-88ddf2e e-flex e-con-boxed e-con e-parent\" data-id=\"88ddf2e\" data-element_type=\"container\" data-e-type=\"container\">\n\t\t\t\t\t<div class=\"e-con-inner\">\n\t\t\t\t<div class=\"elementor-element elementor-element-edba993 elementor-widget-divider--view-line elementor-widget elementor-widget-divider\" data-id=\"edba993\" data-element_type=\"widget\" data-e-type=\"widget\" data-widget_type=\"divider.default\">\n\t\t\t\t<div class=\"elementor-widget-container\">\n\t\t\t\t\t\t\t<div class=\"elementor-divider\">\n\t\t\t<span class=\"elementor-divider-separator\">\n\t\t\t\t\t\t<\/span>\n\t\t<\/div>\n\t\t\t\t\t\t<\/div>\n\t\t\t\t<\/div>\n\t\t\t\t\t<\/div>\n\t\t\t\t<\/div>\n\t\t<div class=\"elementor-element elementor-element-012c0c8 e-flex e-con-boxed e-con e-parent\" data-id=\"012c0c8\" data-element_type=\"container\" data-e-type=\"container\">\n\t\t\t\t\t<div class=\"e-con-inner\">\n\t\t\t\t<div class=\"elementor-element elementor-element-80a5ece elementor-invisible elementor-widget elementor-widget-heading\" data-id=\"80a5ece\" data-element_type=\"widget\" data-e-type=\"widget\" data-settings=\"{&quot;_animation&quot;:&quot;bounceInDown&quot;}\" data-widget_type=\"heading.default\">\n\t\t\t\t<div class=\"elementor-widget-container\">\n\t\t\t\t\t<h2 class=\"elementor-heading-title elementor-size-default\">Suministro, montaje y operaci\u00f3n de equipos<\/h2>\t\t\t\t<\/div>\n\t\t\t\t<\/div>\n\t\t\t\t\t<\/div>\n\t\t\t\t<\/div>\n\t\t<div class=\"elementor-element elementor-element-3f8ac6a e-grid e-con-boxed e-con e-parent\" data-id=\"3f8ac6a\" data-element_type=\"container\" data-e-type=\"container\">\n\t\t\t\t\t<div class=\"e-con-inner\">\n\t\t\t\t<div class=\"elementor-element elementor-element-06c3d66 elementor-invisible elementor-widget elementor-widget-image\" data-id=\"06c3d66\" data-element_type=\"widget\" data-e-type=\"widget\" data-settings=\"{&quot;_animation&quot;:&quot;bounceInLeft&quot;}\" data-widget_type=\"image.default\">\n\t\t\t\t<div class=\"elementor-widget-container\">\n\t\t\t\t\t\t\t\t\t\t\t\t\t\t\t<img fetchpriority=\"high\" decoding=\"async\" width=\"682\" height=\"511\" src=\"https:\/\/www.hidroturbinas.com\/wp-content\/uploads\/2024\/09\/Imagen3.jpg\" class=\"attachment-large size-large wp-image-455\" alt=\"\" srcset=\"https:\/\/www.hidroturbinas.com\/wp-content\/uploads\/2024\/09\/Imagen3.jpg 682w, https:\/\/www.hidroturbinas.com\/wp-content\/uploads\/2024\/09\/Imagen3-300x225.jpg 300w\" sizes=\"(max-width: 682px) 100vw, 682px\" \/>\t\t\t\t\t\t\t\t\t\t\t\t\t\t\t<\/div>\n\t\t\t\t<\/div>\n\t\t\t\t<div class=\"elementor-element elementor-element-bcc4668 elementor-invisible elementor-widget elementor-widget-image\" data-id=\"bcc4668\" data-element_type=\"widget\" data-e-type=\"widget\" data-settings=\"{&quot;_animation&quot;:&quot;bounceInRight&quot;}\" data-widget_type=\"image.default\">\n\t\t\t\t<div class=\"elementor-widget-container\">\n\t\t\t\t\t\t\t\t\t\t\t\t\t\t\t<img decoding=\"async\" width=\"541\" height=\"406\" src=\"https:\/\/www.hidroturbinas.com\/wp-content\/uploads\/2024\/09\/Imagen2.jpg\" class=\"attachment-large size-large wp-image-454\" alt=\"\" srcset=\"https:\/\/www.hidroturbinas.com\/wp-content\/uploads\/2024\/09\/Imagen2.jpg 541w, https:\/\/www.hidroturbinas.com\/wp-content\/uploads\/2024\/09\/Imagen2-300x225.jpg 300w\" sizes=\"(max-width: 541px) 100vw, 541px\" \/>\t\t\t\t\t\t\t\t\t\t\t\t\t\t\t<\/div>\n\t\t\t\t<\/div>\n\t\t\t\t\t<\/div>\n\t\t\t\t<\/div>\n\t\t<div class=\"elementor-element elementor-element-0020cfc e-grid e-con-boxed e-con e-parent\" data-id=\"0020cfc\" data-element_type=\"container\" data-e-type=\"container\">\n\t\t\t\t\t<div class=\"e-con-inner\">\n\t\t\t\t<div class=\"elementor-element elementor-element-4872cb9 elementor-invisible elementor-widget elementor-widget-image\" data-id=\"4872cb9\" data-element_type=\"widget\" data-e-type=\"widget\" data-settings=\"{&quot;_animation&quot;:&quot;bounceInLeft&quot;}\" data-widget_type=\"image.default\">\n\t\t\t\t<div class=\"elementor-widget-container\">\n\t\t\t\t\t\t\t\t\t\t\t\t\t\t\t<img decoding=\"async\" src=\"https:\/\/www.hidroturbinas.com\/wp-content\/uploads\/elementor\/thumbs\/Inspeccion-Tubina-JG-e-2022-scaled-qtkzq0apr19px89q9o03z41voq88qsje0eegxfinbc.jpg\" title=\"Inspecci\u00f3n Tubina JG-e 2022\" alt=\"Inspecci\u00f3n Tubina JG-e 2022\" loading=\"lazy\" \/>\t\t\t\t\t\t\t\t\t\t\t\t\t\t\t<\/div>\n\t\t\t\t<\/div>\n\t\t\t\t<div class=\"elementor-element elementor-element-397dbb7 elementor-invisible elementor-widget elementor-widget-image\" data-id=\"397dbb7\" data-element_type=\"widget\" data-e-type=\"widget\" data-settings=\"{&quot;_animation&quot;:&quot;bounceInRight&quot;}\" data-widget_type=\"image.default\">\n\t\t\t\t<div class=\"elementor-widget-container\">\n\t\t\t\t\t\t\t\t\t\t\t\t\t\t\t<img decoding=\"async\" src=\"https:\/\/www.hidroturbinas.com\/wp-content\/uploads\/elementor\/thumbs\/Montaje-equipos-La-Chorrera-b-2020-scaled-qtkzqeealjt0rdp8zc3iiihsliaqy93d2c6r4kxqq0.jpg\" title=\"Montaje equipos La Chorrera b 2020\" alt=\"Montaje equipos La Chorrera b 2020\" loading=\"lazy\" \/>\t\t\t\t\t\t\t\t\t\t\t\t\t\t\t<\/div>\n\t\t\t\t<\/div>\n\t\t\t\t\t<\/div>\n\t\t\t\t<\/div>\n\t\t<div class=\"elementor-element elementor-element-6ea3d67 e-grid e-con-boxed e-con e-parent\" data-id=\"6ea3d67\" data-element_type=\"container\" data-e-type=\"container\">\n\t\t\t\t\t<div class=\"e-con-inner\">\n\t\t\t\t<div class=\"elementor-element elementor-element-04e3151 elementor-invisible elementor-widget elementor-widget-image\" data-id=\"04e3151\" data-element_type=\"widget\" data-e-type=\"widget\" data-settings=\"{&quot;_animation&quot;:&quot;bounceInUp&quot;}\" data-widget_type=\"image.default\">\n\t\t\t\t<div class=\"elementor-widget-container\">\n\t\t\t\t\t\t\t\t\t\t\t\t\t\t\t<img decoding=\"async\" src=\"https:\/\/www.hidroturbinas.com\/wp-content\/uploads\/elementor\/thumbs\/Montaje-equipos-Zeus-f-2022-scaled-qtkzqvbe0kgr0ycykm39ai23oafk2oxpq5fbsirmnk.jpg\" title=\"Montaje equipos Zeus f 2022\" alt=\"Montaje equipos Zeus f 2022\" loading=\"lazy\" \/>\t\t\t\t\t\t\t\t\t\t\t\t\t\t\t<\/div>\n\t\t\t\t<\/div>\n\t\t\t\t\t<\/div>\n\t\t\t\t<\/div>\n\t\t<div class=\"elementor-element elementor-element-3a90a1c e-flex e-con-boxed e-con e-parent\" data-id=\"3a90a1c\" data-element_type=\"container\" data-e-type=\"container\">\n\t\t\t\t\t<div class=\"e-con-inner\">\n\t\t\t\t<div class=\"elementor-element elementor-element-364fa2d elementor-widget-divider--view-line elementor-widget elementor-widget-divider\" data-id=\"364fa2d\" data-element_type=\"widget\" data-e-type=\"widget\" data-widget_type=\"divider.default\">\n\t\t\t\t<div class=\"elementor-widget-container\">\n\t\t\t\t\t\t\t<div class=\"elementor-divider\">\n\t\t\t<span class=\"elementor-divider-separator\">\n\t\t\t\t\t\t<\/span>\n\t\t<\/div>\n\t\t\t\t\t\t<\/div>\n\t\t\t\t<\/div>\n\t\t\t\t\t<\/div>\n\t\t\t\t<\/div>\n\t\t<div class=\"elementor-element elementor-element-c266a34 e-flex e-con-boxed e-con e-parent\" data-id=\"c266a34\" data-element_type=\"container\" data-e-type=\"container\">\n\t\t\t\t\t<div class=\"e-con-inner\">\n\t\t\t\t<div class=\"elementor-element elementor-element-bc8d3f3 elementor-invisible elementor-widget elementor-widget-heading\" data-id=\"bc8d3f3\" data-element_type=\"widget\" data-e-type=\"widget\" data-settings=\"{&quot;_animation&quot;:&quot;bounceInDown&quot;}\" data-widget_type=\"heading.default\">\n\t\t\t\t<div class=\"elementor-widget-container\">\n\t\t\t\t\t<h2 class=\"elementor-heading-title elementor-size-default\">Busqueda y evaluaci\u00f3n de potenciales hidroenergeticos<\/h2>\t\t\t\t<\/div>\n\t\t\t\t<\/div>\n\t\t\t\t\t<\/div>\n\t\t\t\t<\/div>\n\t\t<div class=\"elementor-element elementor-element-04734fa e-grid e-con-boxed e-con e-parent\" data-id=\"04734fa\" data-element_type=\"container\" data-e-type=\"container\">\n\t\t\t\t\t<div class=\"e-con-inner\">\n\t\t\t\t<div class=\"elementor-element elementor-element-1df5eae elementor-invisible elementor-widget elementor-widget-image\" data-id=\"1df5eae\" data-element_type=\"widget\" data-e-type=\"widget\" data-settings=\"{&quot;_animation&quot;:&quot;bounceInLeft&quot;}\" data-widget_type=\"image.default\">\n\t\t\t\t<div class=\"elementor-widget-container\">\n\t\t\t\t\t\t\t\t\t\t\t\t\t\t\t<img decoding=\"async\" src=\"https:\/\/www.hidroturbinas.com\/wp-content\/uploads\/elementor\/thumbs\/100_1295-qtl1ft6u9twmolukznyagvfrpgxy3tafu3bjt3ova0.jpg\" title=\"100_1295\" alt=\"100_1295\" loading=\"lazy\" \/>\t\t\t\t\t\t\t\t\t\t\t\t\t\t\t<\/div>\n\t\t\t\t<\/div>\n\t\t\t\t<div class=\"elementor-element elementor-element-c893ff5 elementor-invisible elementor-widget elementor-widget-image\" data-id=\"c893ff5\" data-element_type=\"widget\" data-e-type=\"widget\" data-settings=\"{&quot;_animation&quot;:&quot;bounceInRight&quot;}\" data-widget_type=\"image.default\">\n\t\t\t\t<div class=\"elementor-widget-container\">\n\t\t\t\t\t\t\t\t\t\t\t\t\t\t\t<img decoding=\"async\" src=\"https:\/\/www.hidroturbinas.com\/wp-content\/uploads\/elementor\/thumbs\/IMG_2332-rotated-qtl1fkqakbl1s46vd2ancfkmd03n6jcusxg6hm1eu0.jpg\" title=\"IMG_2332\" alt=\"IMG_2332\" loading=\"lazy\" \/>\t\t\t\t\t\t\t\t\t\t\t\t\t\t\t<\/div>\n\t\t\t\t<\/div>\n\t\t\t\t\t<\/div>\n\t\t\t\t<\/div>\n\t\t\t\t<\/div>\n\t\t","protected":false},"excerpt":{"rendered":"<p>L\u00edneas de Negocio Suministro, montaje y operaci\u00f3n de equipos Busqueda y evaluaci\u00f3n de potenciales hidroenergeticos<\/p>\n","protected":false},"author":1,"featured_media":0,"parent":0,"menu_order":0,"comment_status":"closed","ping_status":"closed","template":"","meta":{"footnotes":""},"class_list":["post-390","page","type-page","status-publish","hentry"],"_links":{"self":[{"href":"https:\/\/www.hidroturbinas.com\/index.php?rest_route=\/wp\/v2\/pages\/390","targetHints":{"allow":["GET"]}}],"collection":[{"href":"https:\/\/www.hidroturbinas.com\/index.php?rest_route=\/wp\/v2\/pages"}],"about":[{"href":"https:\/\/www.hidroturbinas.com\/index.php?rest_route=\/wp\/v2\/types\/page"}],"author":[{"embeddable":true,"href":"https:\/\/www.hidroturbinas.com\/index.php?rest_route=\/wp\/v2\/users\/1"}],"replies":[{"embeddable":true,"href":"https:\/\/www.hidroturbinas.com\/index.php?rest_route=%2Fwp%2Fv2%2Fcomments&post=390"}],"version-history":[{"count":20,"href":"https:\/\/www.hidroturbinas.com\/index.php?rest_route=\/wp\/v2\/pages\/390\/revisions"}],"predecessor-version":[{"id":952,"href":"https:\/\/www.hidroturbinas.com\/index.php?rest_route=\/wp\/v2\/pages\/390\/revisions\/952"}],"wp:attachment":[{"href":"https:\/\/www.hidroturbinas.com\/index.php?rest_route=%2Fwp%2Fv2%2Fmedia&parent=390"}],"curies":[{"name":"wp","href":"https:\/\/api.w.org\/{rel}","templated":true}]}}