{"id":47,"date":"2024-05-30T13:57:54","date_gmt":"2024-05-30T18:57:54","guid":{"rendered":"https:\/\/www.hidroturbinas.com\/?page_id=47"},"modified":"2024-09-03T13:56:16","modified_gmt":"2024-09-03T18:56:16","slug":"nuestra-empresa","status":"publish","type":"page","link":"https:\/\/www.hidroturbinas.com\/?page_id=47","title":{"rendered":"Nosotros"},"content":{"rendered":"\t\t<div data-elementor-type=\"wp-page\" data-elementor-id=\"47\" class=\"elementor elementor-47\">\n\t\t\t\t<div class=\"elementor-element elementor-element-44f10df e-flex e-con-boxed e-con e-parent\" data-id=\"44f10df\" data-element_type=\"container\" data-e-type=\"container\">\n\t\t\t\t\t<div class=\"e-con-inner\">\n\t\t\t\t<div class=\"elementor-element elementor-element-9138af1 elementor-widget-divider--view-line elementor-widget elementor-widget-divider\" data-id=\"9138af1\" data-element_type=\"widget\" data-e-type=\"widget\" data-widget_type=\"divider.default\">\n\t\t\t\t<div class=\"elementor-widget-container\">\n\t\t\t\t\t\t\t<div class=\"elementor-divider\">\n\t\t\t<span class=\"elementor-divider-separator\">\n\t\t\t\t\t\t<\/span>\n\t\t<\/div>\n\t\t\t\t\t\t<\/div>\n\t\t\t\t<\/div>\n\t\t\t\t\t<\/div>\n\t\t\t\t<\/div>\n\t\t<div class=\"elementor-element elementor-element-7af01b7 e-flex e-con-boxed e-con e-parent\" data-id=\"7af01b7\" data-element_type=\"container\" data-e-type=\"container\">\n\t\t\t\t\t<div class=\"e-con-inner\">\n\t\t\t\t<div class=\"elementor-element elementor-element-afc48cd elementor-invisible elementor-widget elementor-widget-heading\" data-id=\"afc48cd\" data-element_type=\"widget\" data-e-type=\"widget\" data-settings=\"{&quot;_animation&quot;:&quot;bounceInDown&quot;}\" data-widget_type=\"heading.default\">\n\t\t\t\t<div class=\"elementor-widget-container\">\n\t\t\t\t\t<h3 class=\"elementor-heading-title elementor-size-default\">Nuestra Historia<\/h3>\t\t\t\t<\/div>\n\t\t\t\t<\/div>\n\t\t\t\t\t<\/div>\n\t\t\t\t<\/div>\n\t\t<div class=\"elementor-element elementor-element-b478b01 e-flex e-con-boxed e-con e-parent\" data-id=\"b478b01\" data-element_type=\"container\" data-e-type=\"container\">\n\t\t\t\t\t<div class=\"e-con-inner\">\n\t\t<div class=\"elementor-element elementor-element-e5b6194 e-con-full e-flex e-con e-child\" data-id=\"e5b6194\" data-element_type=\"container\" data-e-type=\"container\">\n\t\t\t\t<div class=\"elementor-element elementor-element-387ed70 elementor-invisible elementor-widget elementor-widget-image\" data-id=\"387ed70\" data-element_type=\"widget\" data-e-type=\"widget\" data-settings=\"{&quot;_animation&quot;:&quot;slideInLeft&quot;}\" data-widget_type=\"image.default\">\n\t\t\t\t<div class=\"elementor-widget-container\">\n\t\t\t\t\t\t\t\t\t\t\t\t\t\t\t<img fetchpriority=\"high\" decoding=\"async\" width=\"1024\" height=\"713\" src=\"https:\/\/www.hidroturbinas.com\/wp-content\/uploads\/2024\/08\/spinning-propeller-heats-steel-modern-oven-manufacturing-generated-by-ai-1-1024x713.png\" class=\"attachment-large size-large wp-image-94\" alt=\"\" srcset=\"https:\/\/www.hidroturbinas.com\/wp-content\/uploads\/2024\/08\/spinning-propeller-heats-steel-modern-oven-manufacturing-generated-by-ai-1-1024x713.png 1024w, https:\/\/www.hidroturbinas.com\/wp-content\/uploads\/2024\/08\/spinning-propeller-heats-steel-modern-oven-manufacturing-generated-by-ai-1-300x209.png 300w, https:\/\/www.hidroturbinas.com\/wp-content\/uploads\/2024\/08\/spinning-propeller-heats-steel-modern-oven-manufacturing-generated-by-ai-1-768x535.png 768w, https:\/\/www.hidroturbinas.com\/wp-content\/uploads\/2024\/08\/spinning-propeller-heats-steel-modern-oven-manufacturing-generated-by-ai-1.png 1500w\" sizes=\"(max-width: 1024px) 100vw, 1024px\" \/>\t\t\t\t\t\t\t\t\t\t\t\t\t\t\t<\/div>\n\t\t\t\t<\/div>\n\t\t\t\t<\/div>\n\t\t<div class=\"elementor-element elementor-element-e458ef6 e-con-full e-flex e-con e-child\" data-id=\"e458ef6\" data-element_type=\"container\" data-e-type=\"container\">\n\t\t\t\t<div class=\"elementor-element elementor-element-f268dd3 elementor-invisible elementor-widget elementor-widget-text-editor\" data-id=\"f268dd3\" data-element_type=\"widget\" data-e-type=\"widget\" data-settings=\"{&quot;_animation&quot;:&quot;slideInRight&quot;}\" data-widget_type=\"text-editor.default\">\n\t\t\t\t<div class=\"elementor-widget-container\">\n\t\t\t\t\t\t\t\t\t<p><i>HIDROTURBINAS DELTA S.A.S. fue fundada en 2005 por un grupo de profesionales que proven\u00edan de las m\u00e1s importantes empresas de consultor\u00eda de Colombia. Con una visi\u00f3n clara y un profundo conocimiento del sector, decidieron emprender este proyecto con el objetivo de ofrecer soluciones especializadas en la generaci\u00f3n hidroel\u00e9ctrica del pa\u00eds.<\/i><\/p><p><i>Desde sus inicios, HIDROTURBINAS DELTA S.A.S. se ha distinguido por su compromiso con la excelencia y el desarrollo de proyectos sostenibles y eficientes. A lo largo de los a\u00f1os, la empresa ha evolucionado, expandiendo sus servicios para cubrir todas las etapas del ciclo de vida de un proyecto hidroel\u00e9ctrico.<\/i><\/p><p><i>Hoy en d\u00eda, ofrecemos una gama completa de servicios que incluyen el suministro y montaje de equipos electromec\u00e1nicos, la gerencia de proyectos, la negociaci\u00f3n predial y la asesor\u00eda financiera. Esta evoluci\u00f3n nos ha permitido consolidarnos como un referente en la industria hidroel\u00e9ctrica, participando en proyectos de gran envergadura y complejidad.<\/i><\/p><p><i>Nuestro equipo, con una vasta experiencia y un enfoque innovador, contin\u00faa guiando a nuestros clientes hacia el \u00e9xito en un entorno energ\u00e9tico en constante transformaci\u00f3n. En HIDROTURBINAS DELTA S.A.S., mantenemos nuestro compromiso con la excelencia, la innovaci\u00f3n y el desarrollo sostenible.<\/i><\/p>\t\t\t\t\t\t\t\t<\/div>\n\t\t\t\t<\/div>\n\t\t\t\t<\/div>\n\t\t\t\t\t<\/div>\n\t\t\t\t<\/div>\n\t\t<div class=\"elementor-element elementor-element-7fff21b e-flex e-con-boxed e-con e-parent\" data-id=\"7fff21b\" data-element_type=\"container\" data-e-type=\"container\">\n\t\t\t\t\t<div class=\"e-con-inner\">\n\t\t\t\t<div class=\"elementor-element elementor-element-7d3e3fc elementor-widget-divider--view-line elementor-widget elementor-widget-divider\" data-id=\"7d3e3fc\" data-element_type=\"widget\" data-e-type=\"widget\" data-widget_type=\"divider.default\">\n\t\t\t\t<div class=\"elementor-widget-container\">\n\t\t\t\t\t\t\t<div class=\"elementor-divider\">\n\t\t\t<span class=\"elementor-divider-separator\">\n\t\t\t\t\t\t<\/span>\n\t\t<\/div>\n\t\t\t\t\t\t<\/div>\n\t\t\t\t<\/div>\n\t\t\t\t\t<\/div>\n\t\t\t\t<\/div>\n\t\t<div class=\"elementor-element elementor-element-f4dfa47 e-flex e-con-boxed e-con e-parent\" data-id=\"f4dfa47\" data-element_type=\"container\" data-e-type=\"container\">\n\t\t\t\t\t<div class=\"e-con-inner\">\n\t\t\t\t<div class=\"elementor-element elementor-element-fc11d0f elementor-invisible elementor-widget elementor-widget-heading\" data-id=\"fc11d0f\" data-element_type=\"widget\" data-e-type=\"widget\" data-settings=\"{&quot;_animation&quot;:&quot;bounceInDown&quot;}\" data-widget_type=\"heading.default\">\n\t\t\t\t<div class=\"elementor-widget-container\">\n\t\t\t\t\t<h3 class=\"elementor-heading-title elementor-size-default\">Nuestros Valores<\/h3>\t\t\t\t<\/div>\n\t\t\t\t<\/div>\n\t\t\t\t\t<\/div>\n\t\t\t\t<\/div>\n\t\t<div class=\"elementor-element elementor-element-bbd6c81 e-flex e-con-boxed e-con e-parent\" data-id=\"bbd6c81\" data-element_type=\"container\" data-e-type=\"container\">\n\t\t\t\t\t<div class=\"e-con-inner\">\n\t\t\t\t<div class=\"elementor-element elementor-element-bc43e6b elementor-invisible elementor-widget elementor-widget-text-editor\" data-id=\"bc43e6b\" data-element_type=\"widget\" data-e-type=\"widget\" data-settings=\"{&quot;_animation&quot;:&quot;slideInRight&quot;}\" data-widget_type=\"text-editor.default\">\n\t\t\t\t<div class=\"elementor-widget-container\">\n\t\t\t\t\t\t\t\t\t<p>Los siguientes valores orientan la conducta, las acciones y decisiones de todo nuestro equipo de colaboradores, en el d\u00eda a d\u00eda de nuestra gesti\u00f3n empresarial.<\/p>\t\t\t\t\t\t\t\t<\/div>\n\t\t\t\t<\/div>\n\t\t\t\t\t<\/div>\n\t\t\t\t<\/div>\n\t\t<div class=\"elementor-element elementor-element-728c6e0 e-grid e-con-boxed e-con e-parent\" data-id=\"728c6e0\" data-element_type=\"container\" data-e-type=\"container\">\n\t\t\t\t\t<div class=\"e-con-inner\">\n\t\t\t\t<div class=\"elementor-element elementor-element-ada3c28 elementor-invisible elementor-widget elementor-widget-heading\" data-id=\"ada3c28\" data-element_type=\"widget\" data-e-type=\"widget\" data-settings=\"{&quot;_animation&quot;:&quot;bounceInDown&quot;}\" data-widget_type=\"heading.default\">\n\t\t\t\t<div class=\"elementor-widget-container\">\n\t\t\t\t\t<h3 class=\"elementor-heading-title elementor-size-default\">Seriedad<\/h3>\t\t\t\t<\/div>\n\t\t\t\t<\/div>\n\t\t\t\t<div class=\"elementor-element elementor-element-06eb75b elementor-invisible elementor-widget elementor-widget-heading\" data-id=\"06eb75b\" data-element_type=\"widget\" data-e-type=\"widget\" data-settings=\"{&quot;_animation&quot;:&quot;bounceInDown&quot;}\" data-widget_type=\"heading.default\">\n\t\t\t\t<div class=\"elementor-widget-container\">\n\t\t\t\t\t<h3 class=\"elementor-heading-title elementor-size-default\">Calidad<\/h3>\t\t\t\t<\/div>\n\t\t\t\t<\/div>\n\t\t\t\t<div class=\"elementor-element elementor-element-25b28c9 elementor-invisible elementor-widget elementor-widget-heading\" data-id=\"25b28c9\" data-element_type=\"widget\" data-e-type=\"widget\" data-settings=\"{&quot;_animation&quot;:&quot;bounceInDown&quot;}\" data-widget_type=\"heading.default\">\n\t\t\t\t<div class=\"elementor-widget-container\">\n\t\t\t\t\t<h3 class=\"elementor-heading-title elementor-size-default\">Innovaci\u00f3n<\/h3>\t\t\t\t<\/div>\n\t\t\t\t<\/div>\n\t\t\t\t<div class=\"elementor-element elementor-element-0e2f7de elementor-invisible elementor-widget elementor-widget-heading\" data-id=\"0e2f7de\" data-element_type=\"widget\" data-e-type=\"widget\" data-settings=\"{&quot;_animation&quot;:&quot;bounceInDown&quot;}\" data-widget_type=\"heading.default\">\n\t\t\t\t<div class=\"elementor-widget-container\">\n\t\t\t\t\t<h3 class=\"elementor-heading-title elementor-size-default\">Responsabilidad<\/h3>\t\t\t\t<\/div>\n\t\t\t\t<\/div>\n\t\t\t\t\t<\/div>\n\t\t\t\t<\/div>\n\t\t<div class=\"elementor-element elementor-element-b24ee20 e-grid e-con-boxed e-con e-parent\" data-id=\"b24ee20\" data-element_type=\"container\" data-e-type=\"container\">\n\t\t\t\t\t<div class=\"e-con-inner\">\n\t\t\t\t<div class=\"elementor-element elementor-element-66ce7a1 elementor-invisible elementor-widget elementor-widget-text-editor\" data-id=\"66ce7a1\" data-element_type=\"widget\" data-e-type=\"widget\" data-settings=\"{&quot;_animation&quot;:&quot;slideInLeft&quot;}\" data-widget_type=\"text-editor.default\">\n\t\t\t\t<div class=\"elementor-widget-container\">\n\t\t\t\t\t\t\t\t\t<p>Nuestra objetividad nos permite mantener criterios veraces, acertados y confiables.<br \/>Esto se refleja en el establecimiento de metas y recomendaciones claras y<br \/>alcanzables.<\/p>\t\t\t\t\t\t\t\t<\/div>\n\t\t\t\t<\/div>\n\t\t\t\t<div class=\"elementor-element elementor-element-4bd4d69 elementor-invisible elementor-widget elementor-widget-text-editor\" data-id=\"4bd4d69\" data-element_type=\"widget\" data-e-type=\"widget\" data-settings=\"{&quot;_animation&quot;:&quot;slideInLeft&quot;}\" data-widget_type=\"text-editor.default\">\n\t\t\t\t<div class=\"elementor-widget-container\">\n\t\t\t\t\t\t\t\t\t<p>Nuestra meta es realizar nuestro trabajo de manera excepcional desde el inicio, a<br \/>trav\u00e9s de una cadena de procesos dirigidos de manera eficiente. Buscamos satisfacer<br \/>plenamente las necesidades del cliente y ofrecer valor agregado, todo mientras<br \/>mantenemos un enfoque en la reducci\u00f3n de costos. Nos comprometemos a ser<br \/>altamente competitivos y a buscar la mejora continua en todos nuestros aspectos<br \/>operativos.<\/p>\t\t\t\t\t\t\t\t<\/div>\n\t\t\t\t<\/div>\n\t\t\t\t<div class=\"elementor-element elementor-element-a675edd elementor-invisible elementor-widget elementor-widget-text-editor\" data-id=\"a675edd\" data-element_type=\"widget\" data-e-type=\"widget\" data-settings=\"{&quot;_animation&quot;:&quot;slideInLeft&quot;}\" data-widget_type=\"text-editor.default\">\n\t\t\t\t<div class=\"elementor-widget-container\">\n\t\t\t\t\t\t\t\t\t<p>Nuestra capacidad para adaptarnos a los cambios y oportunidades del entorno nos<br \/>permite desarrollar y aplicar nuevas ideas, conceptos, productos, servicios y<br \/>pr\u00e1cticas. Esto se traduce en recomendaciones beneficiosas y en la implementaci\u00f3n<br \/>exitosa de proyectos en el mercado.<\/p>\t\t\t\t\t\t\t\t<\/div>\n\t\t\t\t<\/div>\n\t\t\t\t<div class=\"elementor-element elementor-element-1eb1a23 elementor-invisible elementor-widget elementor-widget-text-editor\" data-id=\"1eb1a23\" data-element_type=\"widget\" data-e-type=\"widget\" data-settings=\"{&quot;_animation&quot;:&quot;slideInLeft&quot;}\" data-widget_type=\"text-editor.default\">\n\t\t\t\t<div class=\"elementor-widget-container\">\n\t\t\t\t\t\t\t\t\t<p>Nos distinguimos por la aptitud e idoneidad de nuestro equipo, y mantenemos una<br \/>interacci\u00f3n \u00e9tica con empleados, clientes y la sociedad en general. Nos<br \/>comprometemos a mejorar la calidad de vida de los usuarios involucrados en<br \/>nuestros proyectos y promovemos la responsabilidad social y ambiental en todas<br \/>nuestras operaciones y en nuestras relaciones comerciales.<\/p>\t\t\t\t\t\t\t\t<\/div>\n\t\t\t\t<\/div>\n\t\t\t\t\t<\/div>\n\t\t\t\t<\/div>\n\t\t\t\t<\/div>\n\t\t","protected":false},"excerpt":{"rendered":"<p>Nuestra Historia HIDROTURBINAS DELTA S.A.S. fue fundada en 2005 por un grupo de profesionales que proven\u00edan de las m\u00e1s importantes&#8230;<\/p>\n","protected":false},"author":1,"featured_media":0,"parent":0,"menu_order":0,"comment_status":"closed","ping_status":"closed","template":"","meta":{"footnotes":""},"class_list":["post-47","page","type-page","status-publish","hentry"],"_links":{"self":[{"href":"https:\/\/www.hidroturbinas.com\/index.php?rest_route=\/wp\/v2\/pages\/47","targetHints":{"allow":["GET"]}}],"collection":[{"href":"https:\/\/www.hidroturbinas.com\/index.php?rest_route=\/wp\/v2\/pages"}],"about":[{"href":"https:\/\/www.hidroturbinas.com\/index.php?rest_route=\/wp\/v2\/types\/page"}],"author":[{"embeddable":true,"href":"https:\/\/www.hidroturbinas.com\/index.php?rest_route=\/wp\/v2\/users\/1"}],"replies":[{"embeddable":true,"href":"https:\/\/www.hidroturbinas.com\/index.php?rest_route=%2Fwp%2Fv2%2Fcomments&post=47"}],"version-history":[{"count":14,"href":"https:\/\/www.hidroturbinas.com\/index.php?rest_route=\/wp\/v2\/pages\/47\/revisions"}],"predecessor-version":[{"id":389,"href":"https:\/\/www.hidroturbinas.com\/index.php?rest_route=\/wp\/v2\/pages\/47\/revisions\/389"}],"wp:attachment":[{"href":"https:\/\/www.hidroturbinas.com\/index.php?rest_route=%2Fwp%2Fv2%2Fmedia&parent=47"}],"curies":[{"name":"wp","href":"https:\/\/api.w.org\/{rel}","templated":true}]}}