{"id":642,"date":"2024-10-11T14:52:27","date_gmt":"2024-10-11T19:52:27","guid":{"rendered":"https:\/\/www.hidroturbinas.com\/?page_id=642"},"modified":"2025-08-29T13:54:30","modified_gmt":"2025-08-29T18:54:30","slug":"nuestros-valores","status":"publish","type":"page","link":"https:\/\/www.hidroturbinas.com\/?page_id=642","title":{"rendered":"Nuestros Valores"},"content":{"rendered":"\t\t<div data-elementor-type=\"wp-page\" data-elementor-id=\"642\" class=\"elementor elementor-642\">\n\t\t\t\t<div class=\"elementor-element elementor-element-44f10df e-flex e-con-boxed e-con e-parent\" data-id=\"44f10df\" data-element_type=\"container\" data-e-type=\"container\">\n\t\t\t\t\t<div class=\"e-con-inner\">\n\t\t\t\t<div class=\"elementor-element elementor-element-9138af1 elementor-widget-divider--view-line elementor-widget elementor-widget-divider\" data-id=\"9138af1\" data-element_type=\"widget\" data-e-type=\"widget\" data-widget_type=\"divider.default\">\n\t\t\t\t<div class=\"elementor-widget-container\">\n\t\t\t\t\t\t\t<div class=\"elementor-divider\">\n\t\t\t<span class=\"elementor-divider-separator\">\n\t\t\t\t\t\t<\/span>\n\t\t<\/div>\n\t\t\t\t\t\t<\/div>\n\t\t\t\t<\/div>\n\t\t\t\t\t<\/div>\n\t\t\t\t<\/div>\n\t\t<div class=\"elementor-element elementor-element-f4dfa47 e-flex e-con-boxed e-con e-parent\" data-id=\"f4dfa47\" data-element_type=\"container\" data-e-type=\"container\">\n\t\t\t\t\t<div class=\"e-con-inner\">\n\t\t\t\t<div class=\"elementor-element elementor-element-fc11d0f elementor-invisible elementor-widget elementor-widget-heading\" data-id=\"fc11d0f\" data-element_type=\"widget\" data-e-type=\"widget\" data-settings=\"{&quot;_animation&quot;:&quot;bounceInDown&quot;}\" data-widget_type=\"heading.default\">\n\t\t\t\t<div class=\"elementor-widget-container\">\n\t\t\t\t\t<h3 class=\"elementor-heading-title elementor-size-default\">Nuestros Valores<\/h3>\t\t\t\t<\/div>\n\t\t\t\t<\/div>\n\t\t\t\t\t<\/div>\n\t\t\t\t<\/div>\n\t\t<div class=\"elementor-element elementor-element-bbd6c81 e-flex e-con-boxed e-con e-parent\" data-id=\"bbd6c81\" data-element_type=\"container\" data-e-type=\"container\">\n\t\t\t\t\t<div class=\"e-con-inner\">\n\t\t\t\t<div class=\"elementor-element elementor-element-bc43e6b elementor-invisible elementor-widget elementor-widget-text-editor\" data-id=\"bc43e6b\" data-element_type=\"widget\" data-e-type=\"widget\" data-settings=\"{&quot;_animation&quot;:&quot;slideInRight&quot;}\" data-widget_type=\"text-editor.default\">\n\t\t\t\t<div class=\"elementor-widget-container\">\n\t\t\t\t\t\t\t\t\t<p>Nuestros valores fundamentales son la base de cada decisi\u00f3n, acci\u00f3n y relaci\u00f3n que cultivamos. Estos principios no solo definen qui\u00e9nes somos, sino que tambi\u00e9n orientan el comportamiento de todo nuestro equipo humano, consolidando una cultura organizacional s\u00f3lida, coherente y comprometida con la excelencia. Guiados por estos valores, impulsamos una gesti\u00f3n empresarial \u00e9tica, innovadora y orientada al desarrollo sostenible.<\/p>\t\t\t\t\t\t\t\t<\/div>\n\t\t\t\t<\/div>\n\t\t\t\t\t<\/div>\n\t\t\t\t<\/div>\n\t\t<div class=\"elementor-element elementor-element-7c4dfb0 e-flex e-con-boxed e-con e-parent\" data-id=\"7c4dfb0\" data-element_type=\"container\" data-e-type=\"container\">\n\t\t\t\t\t<div class=\"e-con-inner\">\n\t\t<div class=\"elementor-element elementor-element-eb4a68b e-con-full e-flex e-con e-child\" data-id=\"eb4a68b\" data-element_type=\"container\" data-e-type=\"container\">\n\t\t\t\t<div class=\"elementor-element elementor-element-7d3a462 elementor-invisible elementor-widget elementor-widget-image\" data-id=\"7d3a462\" data-element_type=\"widget\" data-e-type=\"widget\" data-settings=\"{&quot;_animation&quot;:&quot;fadeInLeft&quot;}\" data-widget_type=\"image.default\">\n\t\t\t\t<div class=\"elementor-widget-container\">\n\t\t\t\t\t\t\t\t\t\t\t\t\t\t\t<img fetchpriority=\"high\" decoding=\"async\" width=\"768\" height=\"512\" src=\"https:\/\/www.hidroturbinas.com\/wp-content\/uploads\/2025\/03\/group-people-working-out-business-plan-office-768x512.jpg\" class=\"attachment-medium_large size-medium_large wp-image-1034\" alt=\"\" srcset=\"https:\/\/www.hidroturbinas.com\/wp-content\/uploads\/2025\/03\/group-people-working-out-business-plan-office-768x512.jpg 768w, https:\/\/www.hidroturbinas.com\/wp-content\/uploads\/2025\/03\/group-people-working-out-business-plan-office-300x200.jpg 300w, https:\/\/www.hidroturbinas.com\/wp-content\/uploads\/2025\/03\/group-people-working-out-business-plan-office-1024x683.jpg 1024w, https:\/\/www.hidroturbinas.com\/wp-content\/uploads\/2025\/03\/group-people-working-out-business-plan-office-1536x1024.jpg 1536w, https:\/\/www.hidroturbinas.com\/wp-content\/uploads\/2025\/03\/group-people-working-out-business-plan-office-2048x1366.jpg 2048w\" sizes=\"(max-width: 768px) 100vw, 768px\" \/>\t\t\t\t\t\t\t\t\t\t\t\t\t\t\t<\/div>\n\t\t\t\t<\/div>\n\t\t\t\t<\/div>\n\t\t<div class=\"elementor-element elementor-element-d1ee1e8 e-con-full e-flex e-con e-child\" data-id=\"d1ee1e8\" data-element_type=\"container\" data-e-type=\"container\">\n\t\t<div class=\"elementor-element elementor-element-2113183 e-con-full e-flex e-con e-child\" data-id=\"2113183\" data-element_type=\"container\" data-e-type=\"container\">\n\t\t\t\t<div class=\"elementor-element elementor-element-ada3c28 elementor-invisible elementor-widget elementor-widget-heading\" data-id=\"ada3c28\" data-element_type=\"widget\" data-e-type=\"widget\" data-settings=\"{&quot;_animation&quot;:&quot;fadeInDown&quot;}\" data-widget_type=\"heading.default\">\n\t\t\t\t<div class=\"elementor-widget-container\">\n\t\t\t\t\t<h3 class=\"elementor-heading-title elementor-size-default\">Seriedad<\/h3>\t\t\t\t<\/div>\n\t\t\t\t<\/div>\n\t\t\t\t<\/div>\n\t\t<div class=\"elementor-element elementor-element-6ff3db3 e-con-full e-flex e-con e-child\" data-id=\"6ff3db3\" data-element_type=\"container\" data-e-type=\"container\">\n\t\t\t\t<div class=\"elementor-element elementor-element-66ce7a1 elementor-invisible elementor-widget elementor-widget-text-editor\" data-id=\"66ce7a1\" data-element_type=\"widget\" data-e-type=\"widget\" data-settings=\"{&quot;_animation&quot;:&quot;fadeInRight&quot;}\" data-widget_type=\"text-editor.default\">\n\t\t\t\t<div class=\"elementor-widget-container\">\n\t\t\t\t\t\t\t\t\t<p>Nuestra objetividad nos permite mantener criterios veraces, acertados y confiables.<br \/>Esto se refleja en el establecimiento de metas y recomendaciones claras y<br \/>alcanzables.<\/p>\t\t\t\t\t\t\t\t<\/div>\n\t\t\t\t<\/div>\n\t\t\t\t<\/div>\n\t\t\t\t<\/div>\n\t\t\t\t\t<\/div>\n\t\t\t\t<\/div>\n\t\t<div class=\"elementor-element elementor-element-2ac874b e-flex e-con-boxed e-con e-parent\" data-id=\"2ac874b\" data-element_type=\"container\" data-e-type=\"container\">\n\t\t\t\t\t<div class=\"e-con-inner\">\n\t\t<div class=\"elementor-element elementor-element-ab6d2cb e-con-full e-flex e-con e-child\" data-id=\"ab6d2cb\" data-element_type=\"container\" data-e-type=\"container\">\n\t\t\t\t<div class=\"elementor-element elementor-element-06eb75b elementor-invisible elementor-widget elementor-widget-heading\" data-id=\"06eb75b\" data-element_type=\"widget\" data-e-type=\"widget\" data-settings=\"{&quot;_animation&quot;:&quot;fadeInDown&quot;}\" data-widget_type=\"heading.default\">\n\t\t\t\t<div class=\"elementor-widget-container\">\n\t\t\t\t\t<h3 class=\"elementor-heading-title elementor-size-default\">Calidad<\/h3>\t\t\t\t<\/div>\n\t\t\t\t<\/div>\n\t\t\t\t<div class=\"elementor-element elementor-element-4bd4d69 elementor-invisible elementor-widget elementor-widget-text-editor\" data-id=\"4bd4d69\" data-element_type=\"widget\" data-e-type=\"widget\" data-settings=\"{&quot;_animation&quot;:&quot;slideInLeft&quot;}\" data-widget_type=\"text-editor.default\">\n\t\t\t\t<div class=\"elementor-widget-container\">\n\t\t\t\t\t\t\t\t\t<p>Nuestra meta es realizar nuestro trabajo de manera excepcional desde el inicio, a<br \/>trav\u00e9s de una cadena de procesos dirigidos de manera eficiente. Buscamos satisfacer<br \/>plenamente las necesidades del cliente y ofrecer valor agregado, todo mientras<br \/>mantenemos un enfoque en la reducci\u00f3n de costos. Nos comprometemos a ser<br \/>altamente competitivos y a buscar la mejora continua en todos nuestros aspectos<br \/>operativos.<\/p>\t\t\t\t\t\t\t\t<\/div>\n\t\t\t\t<\/div>\n\t\t\t\t<\/div>\n\t\t<div class=\"elementor-element elementor-element-9ce42c3 e-con-full e-flex e-con e-child\" data-id=\"9ce42c3\" data-element_type=\"container\" data-e-type=\"container\">\n\t\t\t\t<div class=\"elementor-element elementor-element-3233429 elementor-invisible elementor-widget elementor-widget-image\" data-id=\"3233429\" data-element_type=\"widget\" data-e-type=\"widget\" data-settings=\"{&quot;_animation&quot;:&quot;fadeInRight&quot;}\" data-widget_type=\"image.default\">\n\t\t\t\t<div class=\"elementor-widget-container\">\n\t\t\t\t\t\t\t\t\t\t\t\t\t\t\t<img decoding=\"async\" width=\"1024\" height=\"682\" src=\"https:\/\/www.hidroturbinas.com\/wp-content\/uploads\/2025\/03\/office-workers-working-together-as-team-1024x682.jpg\" class=\"attachment-large size-large wp-image-1035\" alt=\"\" srcset=\"https:\/\/www.hidroturbinas.com\/wp-content\/uploads\/2025\/03\/office-workers-working-together-as-team-1024x682.jpg 1024w, https:\/\/www.hidroturbinas.com\/wp-content\/uploads\/2025\/03\/office-workers-working-together-as-team-300x200.jpg 300w, https:\/\/www.hidroturbinas.com\/wp-content\/uploads\/2025\/03\/office-workers-working-together-as-team-768x511.jpg 768w, https:\/\/www.hidroturbinas.com\/wp-content\/uploads\/2025\/03\/office-workers-working-together-as-team-1536x1022.jpg 1536w, https:\/\/www.hidroturbinas.com\/wp-content\/uploads\/2025\/03\/office-workers-working-together-as-team-2048x1363.jpg 2048w\" sizes=\"(max-width: 1024px) 100vw, 1024px\" \/>\t\t\t\t\t\t\t\t\t\t\t\t\t\t\t<\/div>\n\t\t\t\t<\/div>\n\t\t\t\t<\/div>\n\t\t\t\t\t<\/div>\n\t\t\t\t<\/div>\n\t\t<div class=\"elementor-element elementor-element-a2ec93e e-flex e-con-boxed e-con e-parent\" data-id=\"a2ec93e\" data-element_type=\"container\" data-e-type=\"container\">\n\t\t\t\t\t<div class=\"e-con-inner\">\n\t\t<div class=\"elementor-element elementor-element-5362bc0 e-con-full e-flex e-con e-child\" data-id=\"5362bc0\" data-element_type=\"container\" data-e-type=\"container\">\n\t\t\t\t<div class=\"elementor-element elementor-element-e9c624e elementor-invisible elementor-widget elementor-widget-image\" data-id=\"e9c624e\" data-element_type=\"widget\" data-e-type=\"widget\" data-settings=\"{&quot;_animation&quot;:&quot;fadeInLeft&quot;}\" data-widget_type=\"image.default\">\n\t\t\t\t<div class=\"elementor-widget-container\">\n\t\t\t\t\t\t\t\t\t\t\t\t\t\t\t<img decoding=\"async\" width=\"1024\" height=\"683\" src=\"https:\/\/www.hidroturbinas.com\/wp-content\/uploads\/2025\/03\/people-working-tech-brand-together-1024x683.jpg\" class=\"attachment-large size-large wp-image-1036\" alt=\"\" srcset=\"https:\/\/www.hidroturbinas.com\/wp-content\/uploads\/2025\/03\/people-working-tech-brand-together-1024x683.jpg 1024w, https:\/\/www.hidroturbinas.com\/wp-content\/uploads\/2025\/03\/people-working-tech-brand-together-300x200.jpg 300w, https:\/\/www.hidroturbinas.com\/wp-content\/uploads\/2025\/03\/people-working-tech-brand-together-768x512.jpg 768w, https:\/\/www.hidroturbinas.com\/wp-content\/uploads\/2025\/03\/people-working-tech-brand-together-1536x1024.jpg 1536w, https:\/\/www.hidroturbinas.com\/wp-content\/uploads\/2025\/03\/people-working-tech-brand-together-2048x1366.jpg 2048w\" sizes=\"(max-width: 1024px) 100vw, 1024px\" \/>\t\t\t\t\t\t\t\t\t\t\t\t\t\t\t<\/div>\n\t\t\t\t<\/div>\n\t\t\t\t<\/div>\n\t\t<div class=\"elementor-element elementor-element-5e3f4f5 e-con-full e-flex e-con e-child\" data-id=\"5e3f4f5\" data-element_type=\"container\" data-e-type=\"container\">\n\t\t<div class=\"elementor-element elementor-element-0e70660 e-con-full e-flex e-con e-child\" data-id=\"0e70660\" data-element_type=\"container\" data-e-type=\"container\">\n\t\t\t\t<div class=\"elementor-element elementor-element-25b28c9 elementor-invisible elementor-widget elementor-widget-heading\" data-id=\"25b28c9\" data-element_type=\"widget\" data-e-type=\"widget\" data-settings=\"{&quot;_animation&quot;:&quot;fadeInDown&quot;}\" data-widget_type=\"heading.default\">\n\t\t\t\t<div class=\"elementor-widget-container\">\n\t\t\t\t\t<h3 class=\"elementor-heading-title elementor-size-default\">Innovaci\u00f3n<\/h3>\t\t\t\t<\/div>\n\t\t\t\t<\/div>\n\t\t\t\t<\/div>\n\t\t<div class=\"elementor-element elementor-element-ebff597 e-con-full e-flex e-con e-child\" data-id=\"ebff597\" data-element_type=\"container\" data-e-type=\"container\">\n\t\t\t\t<div class=\"elementor-element elementor-element-a675edd elementor-invisible elementor-widget elementor-widget-text-editor\" data-id=\"a675edd\" data-element_type=\"widget\" data-e-type=\"widget\" data-settings=\"{&quot;_animation&quot;:&quot;slideInRight&quot;}\" data-widget_type=\"text-editor.default\">\n\t\t\t\t<div class=\"elementor-widget-container\">\n\t\t\t\t\t\t\t\t\t<p>Nuestra capacidad para adaptarnos a los cambios y oportunidades del entorno nos<br \/>permite desarrollar y aplicar nuevas ideas, conceptos, productos, servicios y<br \/>pr\u00e1cticas. Esto se traduce en recomendaciones beneficiosas y en la implementaci\u00f3n<br \/>exitosa de proyectos en el mercado.<\/p>\t\t\t\t\t\t\t\t<\/div>\n\t\t\t\t<\/div>\n\t\t\t\t<\/div>\n\t\t\t\t<\/div>\n\t\t\t\t\t<\/div>\n\t\t\t\t<\/div>\n\t\t<div class=\"elementor-element elementor-element-dd5b287 e-flex e-con-boxed e-con e-parent\" data-id=\"dd5b287\" data-element_type=\"container\" data-e-type=\"container\">\n\t\t\t\t\t<div class=\"e-con-inner\">\n\t\t<div class=\"elementor-element elementor-element-f99fc2b e-con-full e-flex e-con e-child\" data-id=\"f99fc2b\" data-element_type=\"container\" data-e-type=\"container\">\n\t\t\t\t<div class=\"elementor-element elementor-element-0e2f7de elementor-invisible elementor-widget elementor-widget-heading\" data-id=\"0e2f7de\" data-element_type=\"widget\" data-e-type=\"widget\" data-settings=\"{&quot;_animation&quot;:&quot;fadeInDown&quot;}\" data-widget_type=\"heading.default\">\n\t\t\t\t<div class=\"elementor-widget-container\">\n\t\t\t\t\t<h3 class=\"elementor-heading-title elementor-size-default\">Responsabilidad<\/h3>\t\t\t\t<\/div>\n\t\t\t\t<\/div>\n\t\t\t\t<div class=\"elementor-element elementor-element-1eb1a23 elementor-invisible elementor-widget elementor-widget-text-editor\" data-id=\"1eb1a23\" data-element_type=\"widget\" data-e-type=\"widget\" data-settings=\"{&quot;_animation&quot;:&quot;slideInLeft&quot;}\" data-widget_type=\"text-editor.default\">\n\t\t\t\t<div class=\"elementor-widget-container\">\n\t\t\t\t\t\t\t\t\t<p>Nos distinguimos por la aptitud e idoneidad de nuestro equipo, y mantenemos una<br \/>interacci\u00f3n \u00e9tica con empleados, clientes y la sociedad en general. Nos<br \/>comprometemos a mejorar la calidad de vida de los usuarios involucrados en<br \/>nuestros proyectos y promovemos la responsabilidad social y ambiental en todas<br \/>nuestras operaciones y en nuestras relaciones comerciales.<\/p>\t\t\t\t\t\t\t\t<\/div>\n\t\t\t\t<\/div>\n\t\t\t\t<\/div>\n\t\t<div class=\"elementor-element elementor-element-8fbc235 e-con-full e-flex e-con e-child\" data-id=\"8fbc235\" data-element_type=\"container\" data-e-type=\"container\">\n\t\t\t\t<div class=\"elementor-element elementor-element-68d7bf8 elementor-invisible elementor-widget elementor-widget-image\" data-id=\"68d7bf8\" data-element_type=\"widget\" data-e-type=\"widget\" data-settings=\"{&quot;_animation&quot;:&quot;fadeInRight&quot;}\" data-widget_type=\"image.default\">\n\t\t\t\t<div class=\"elementor-widget-container\">\n\t\t\t\t\t\t\t\t\t\t\t\t\t\t\t<img loading=\"lazy\" decoding=\"async\" width=\"1024\" height=\"683\" src=\"https:\/\/www.hidroturbinas.com\/wp-content\/uploads\/2025\/03\/authentic-group-therapy-meeting-1024x683.jpg\" class=\"attachment-large size-large wp-image-1037\" alt=\"\" srcset=\"https:\/\/www.hidroturbinas.com\/wp-content\/uploads\/2025\/03\/authentic-group-therapy-meeting-1024x683.jpg 1024w, https:\/\/www.hidroturbinas.com\/wp-content\/uploads\/2025\/03\/authentic-group-therapy-meeting-300x200.jpg 300w, https:\/\/www.hidroturbinas.com\/wp-content\/uploads\/2025\/03\/authentic-group-therapy-meeting-768x512.jpg 768w, https:\/\/www.hidroturbinas.com\/wp-content\/uploads\/2025\/03\/authentic-group-therapy-meeting-1536x1024.jpg 1536w, https:\/\/www.hidroturbinas.com\/wp-content\/uploads\/2025\/03\/authentic-group-therapy-meeting-2048x1366.jpg 2048w\" sizes=\"(max-width: 1024px) 100vw, 1024px\" \/>\t\t\t\t\t\t\t\t\t\t\t\t\t\t\t<\/div>\n\t\t\t\t<\/div>\n\t\t\t\t<\/div>\n\t\t\t\t\t<\/div>\n\t\t\t\t<\/div>\n\t\t\t\t<\/div>\n\t\t","protected":false},"excerpt":{"rendered":"<p>Nuestros Valores Nuestros valores fundamentales son la base de cada decisi\u00f3n, acci\u00f3n y relaci\u00f3n que cultivamos. Estos principios no solo&#8230;<\/p>\n","protected":false},"author":1,"featured_media":0,"parent":0,"menu_order":0,"comment_status":"closed","ping_status":"closed","template":"","meta":{"footnotes":""},"class_list":["post-642","page","type-page","status-publish","hentry"],"_links":{"self":[{"href":"https:\/\/www.hidroturbinas.com\/index.php?rest_route=\/wp\/v2\/pages\/642","targetHints":{"allow":["GET"]}}],"collection":[{"href":"https:\/\/www.hidroturbinas.com\/index.php?rest_route=\/wp\/v2\/pages"}],"about":[{"href":"https:\/\/www.hidroturbinas.com\/index.php?rest_route=\/wp\/v2\/types\/page"}],"author":[{"embeddable":true,"href":"https:\/\/www.hidroturbinas.com\/index.php?rest_route=\/wp\/v2\/users\/1"}],"replies":[{"embeddable":true,"href":"https:\/\/www.hidroturbinas.com\/index.php?rest_route=%2Fwp%2Fv2%2Fcomments&post=642"}],"version-history":[{"count":22,"href":"https:\/\/www.hidroturbinas.com\/index.php?rest_route=\/wp\/v2\/pages\/642\/revisions"}],"predecessor-version":[{"id":1144,"href":"https:\/\/www.hidroturbinas.com\/index.php?rest_route=\/wp\/v2\/pages\/642\/revisions\/1144"}],"wp:attachment":[{"href":"https:\/\/www.hidroturbinas.com\/index.php?rest_route=%2Fwp%2Fv2%2Fmedia&parent=642"}],"curies":[{"name":"wp","href":"https:\/\/api.w.org\/{rel}","templated":true}]}}