{"id":677,"date":"2024-10-16T08:33:46","date_gmt":"2024-10-16T13:33:46","guid":{"rendered":"https:\/\/www.hidroturbinas.com\/?page_id=677"},"modified":"2024-12-16T15:22:36","modified_gmt":"2024-12-16T20:22:36","slug":"busqueda-y-evaluacion-de-potenciales-hidroenergeticos","status":"publish","type":"page","link":"https:\/\/www.hidroturbinas.com\/?page_id=677","title":{"rendered":"B\u00fasqueda y evaluaci\u00f3n de potenciales hidroenerg\u00e9ticos"},"content":{"rendered":"\t\t<div data-elementor-type=\"wp-page\" data-elementor-id=\"677\" class=\"elementor elementor-677\">\n\t\t\t\t<div class=\"elementor-element elementor-element-ae9ae17 e-flex e-con-boxed e-con e-parent\" data-id=\"ae9ae17\" data-element_type=\"container\" data-e-type=\"container\">\n\t\t\t\t\t<div class=\"e-con-inner\">\n\t\t\t\t<div class=\"elementor-element elementor-element-f9c75a3 elementor-widget elementor-widget-heading\" data-id=\"f9c75a3\" data-element_type=\"widget\" data-e-type=\"widget\" data-widget_type=\"heading.default\">\n\t\t\t\t<div class=\"elementor-widget-container\">\n\t\t\t\t\t<h3 class=\"elementor-heading-title elementor-size-default\">BUSQUEDA Y EVALUACION DE POTENCIALES HIDROENERGETICOS<\/h3>\t\t\t\t<\/div>\n\t\t\t\t<\/div>\n\t\t\t\t\t<\/div>\n\t\t\t\t<\/div>\n\t\t<div class=\"elementor-element elementor-element-c7294fb e-flex e-con-boxed e-con e-parent\" data-id=\"c7294fb\" data-element_type=\"container\" data-e-type=\"container\">\n\t\t\t\t\t<div class=\"e-con-inner\">\n\t\t\t\t\t<\/div>\n\t\t\t\t<\/div>\n\t\t\t\t<\/div>\n\t\t","protected":false},"excerpt":{"rendered":"<p>BUSQUEDA Y EVALUACION DE POTENCIALES HIDROENERGETICOS<\/p>\n","protected":false},"author":1,"featured_media":0,"parent":0,"menu_order":0,"comment_status":"closed","ping_status":"closed","template":"","meta":{"footnotes":""},"class_list":["post-677","page","type-page","status-publish","hentry"],"_links":{"self":[{"href":"https:\/\/www.hidroturbinas.com\/index.php?rest_route=\/wp\/v2\/pages\/677","targetHints":{"allow":["GET"]}}],"collection":[{"href":"https:\/\/www.hidroturbinas.com\/index.php?rest_route=\/wp\/v2\/pages"}],"about":[{"href":"https:\/\/www.hidroturbinas.com\/index.php?rest_route=\/wp\/v2\/types\/page"}],"author":[{"embeddable":true,"href":"https:\/\/www.hidroturbinas.com\/index.php?rest_route=\/wp\/v2\/users\/1"}],"replies":[{"embeddable":true,"href":"https:\/\/www.hidroturbinas.com\/index.php?rest_route=%2Fwp%2Fv2%2Fcomments&post=677"}],"version-history":[{"count":10,"href":"https:\/\/www.hidroturbinas.com\/index.php?rest_route=\/wp\/v2\/pages\/677\/revisions"}],"predecessor-version":[{"id":833,"href":"https:\/\/www.hidroturbinas.com\/index.php?rest_route=\/wp\/v2\/pages\/677\/revisions\/833"}],"wp:attachment":[{"href":"https:\/\/www.hidroturbinas.com\/index.php?rest_route=%2Fwp%2Fv2%2Fmedia&parent=677"}],"curies":[{"name":"wp","href":"https:\/\/api.w.org\/{rel}","templated":true}]}}