{"id":683,"date":"2024-10-16T08:38:25","date_gmt":"2024-10-16T13:38:25","guid":{"rendered":"https:\/\/www.hidroturbinas.com\/?page_id=683"},"modified":"2024-10-16T08:38:26","modified_gmt":"2024-10-16T13:38:26","slug":"busqueda-y-evaluacion-de-potenciales-hidroenergeticos-2","status":"publish","type":"page","link":"https:\/\/www.hidroturbinas.com\/?page_id=683","title":{"rendered":"B\u00fasqueda y evaluaci\u00f3n de potenciales hidroenerg\u00e9ticos"},"content":{"rendered":"","protected":false},"excerpt":{"rendered":"","protected":false},"author":1,"featured_media":0,"parent":0,"menu_order":0,"comment_status":"closed","ping_status":"closed","template":"","meta":{"footnotes":""},"class_list":["post-683","page","type-page","status-publish","hentry"],"_links":{"self":[{"href":"https:\/\/www.hidroturbinas.com\/index.php?rest_route=\/wp\/v2\/pages\/683","targetHints":{"allow":["GET"]}}],"collection":[{"href":"https:\/\/www.hidroturbinas.com\/index.php?rest_route=\/wp\/v2\/pages"}],"about":[{"href":"https:\/\/www.hidroturbinas.com\/index.php?rest_route=\/wp\/v2\/types\/page"}],"author":[{"embeddable":true,"href":"https:\/\/www.hidroturbinas.com\/index.php?rest_route=\/wp\/v2\/users\/1"}],"replies":[{"embeddable":true,"href":"https:\/\/www.hidroturbinas.com\/index.php?rest_route=%2Fwp%2Fv2%2Fcomments&post=683"}],"version-history":[{"count":1,"href":"https:\/\/www.hidroturbinas.com\/index.php?rest_route=\/wp\/v2\/pages\/683\/revisions"}],"predecessor-version":[{"id":684,"href":"https:\/\/www.hidroturbinas.com\/index.php?rest_route=\/wp\/v2\/pages\/683\/revisions\/684"}],"wp:attachment":[{"href":"https:\/\/www.hidroturbinas.com\/index.php?rest_route=%2Fwp%2Fv2%2Fmedia&parent=683"}],"curies":[{"name":"wp","href":"https:\/\/api.w.org\/{rel}","templated":true}]}}